{"id":24,"date":"2025-12-02T17:46:06","date_gmt":"2025-12-02T17:46:06","guid":{"rendered":"https:\/\/nowlifestylecanarias.com\/?page_id=24"},"modified":"2025-12-02T18:04:24","modified_gmt":"2025-12-02T18:04:24","slug":"for-businesses","status":"publish","type":"page","link":"https:\/\/nowlifestylecanarias.com\/es\/for-businesses\/","title":{"rendered":"Para Negocios"},"content":{"rendered":"<p>Las Islas Canarias reciben cada a\u00f1o a millones de visitantes, y los negocios locales son el coraz\u00f3n de su experiencia. Con NowLifestyleCanarias y nuestros proyectos asociados ayudamos a hoteles, restaurantes, empresas de excursiones, servicios de salud y otros negocios locales a llegar a las personas adecuadas en el momento adecuado.\nEn esta secci\u00f3n descubrir\u00e1s c\u00f3mo aparecer en nuestro directorio de negocios de Canarias, c\u00f3mo podemos apoyarte a trav\u00e9s de Canariassistance y c\u00f3mo podemos colaborar para darte m\u00e1s visibilidad, mejores rese\u00f1as y clientes m\u00e1s fieles.<br>En esta secci\u00f3n descubrir\u00e1s c\u00f3mo aparecer en nuestro directorio de negocios de Canarias, c\u00f3mo podemos apoyarte a trav\u00e9s de Canariassistance y c\u00f3mo podemos colaborar para darte m\u00e1s visibilidad, mejores rese\u00f1as y clientes m\u00e1s fieles.<\/p>\n\n\n\n<p><\/p>","protected":false},"excerpt":{"rendered":"<p>The Canary Islands welcome millions of visitors every year, and local businesses are the heart of their experience. With NowLifestyleCanarias [&hellip;]<\/p>","protected":false},"author":1,"featured_media":0,"parent":0,"menu_order":0,"comment_status":"closed","ping_status":"closed","template":"","meta":{"site-sidebar-layout":"default","site-content-layout":"","ast-site-content-layout":"default","site-content-style":"default","site-sidebar-style":"default","ast-global-header-display":"","ast-banner-title-visibility":"","ast-main-header-display":"","ast-hfb-above-header-display":"","ast-hfb-below-header-display":"","ast-hfb-mobile-header-display":"","site-post-title":"","ast-breadcrumbs-content":"","ast-featured-img":"","footer-sml-layout":"","ast-disable-related-posts":"","theme-transparent-header-meta":"","adv-header-id-meta":"","stick-header-meta":"","header-above-stick-meta":"","header-main-stick-meta":"","header-below-stick-meta":"","astra-migrate-meta-layouts":"default","ast-page-background-enabled":"default","ast-page-background-meta":{"desktop":{"background-color":"var(--ast-global-color-5)","background-image":"","background-repeat":"repeat","background-position":"center center","background-size":"auto","background-attachment":"scroll","background-type":"","background-media":"","overlay-type":"","overlay-color":"","overlay-opacity":"","overlay-gradient":""},"tablet":{"background-color":"","background-image":"","background-repeat":"repeat","background-position":"center center","background-size":"auto","background-attachment":"scroll","background-type":"","background-media":"","overlay-type":"","overlay-color":"","overlay-opacity":"","overlay-gradient":""},"mobile":{"background-color":"","background-image":"","background-repeat":"repeat","background-position":"center center","background-size":"auto","background-attachment":"scroll","background-type":"","background-media":"","overlay-type":"","overlay-color":"","overlay-opacity":"","overlay-gradient":""}},"ast-content-background-meta":{"desktop":{"background-color":"var(--ast-global-color-4)","background-image":"","background-repeat":"repeat","background-position":"center center","background-size":"auto","background-attachment":"scroll","background-type":"","background-media":"","overlay-type":"","overlay-color":"","overlay-opacity":"","overlay-gradient":""},"tablet":{"background-color":"var(--ast-global-color-4)","background-image":"","background-repeat":"repeat","background-position":"center center","background-size":"auto","background-attachment":"scroll","background-type":"","background-media":"","overlay-type":"","overlay-color":"","overlay-opacity":"","overlay-gradient":""},"mobile":{"background-color":"var(--ast-global-color-4)","background-image":"","background-repeat":"repeat","background-position":"center center","background-size":"auto","background-attachment":"scroll","background-type":"","background-media":"","overlay-type":"","overlay-color":"","overlay-opacity":"","overlay-gradient":""}},"footnotes":""},"class_list":["post-24","page","type-page","status-publish","hentry"],"yoast_head":"<!-- This site is optimized with the Yoast SEO plugin v27.4 - https:\/\/yoast.com\/product\/yoast-seo-wordpress\/ -->\n<title>For Businesses - NowLifestyleCanarias<\/title>\n<meta name=\"robots\" content=\"index, follow, max-snippet:-1, max-image-preview:large, max-video-preview:-1\" \/>\n<link rel=\"canonical\" href=\"https:\/\/nowlifestylecanarias.com\/es\/for-businesses\/\" \/>\n<meta property=\"og:locale\" content=\"es_ES\" \/>\n<meta property=\"og:type\" content=\"article\" \/>\n<meta property=\"og:title\" content=\"For Businesses - NowLifestyleCanarias\" \/>\n<meta property=\"og:description\" content=\"The Canary Islands welcome millions of visitors every year, and local businesses are the heart of their experience. With NowLifestyleCanarias [&hellip;]\" \/>\n<meta property=\"og:url\" content=\"https:\/\/nowlifestylecanarias.com\/es\/for-businesses\/\" \/>\n<meta property=\"og:site_name\" content=\"NowLifestyleCanarias\" \/>\n<meta property=\"article:modified_time\" content=\"2025-12-02T18:04:24+00:00\" \/>\n<meta name=\"twitter:card\" content=\"summary_large_image\" \/>\n<meta name=\"twitter:label1\" content=\"Tiempo de lectura\" \/>\n\t<meta name=\"twitter:data1\" content=\"1 minuto\" \/>\n<script type=\"application\/ld+json\" class=\"yoast-schema-graph\">{\"@context\":\"https:\\\/\\\/schema.org\",\"@graph\":[{\"@type\":\"WebPage\",\"@id\":\"https:\\\/\\\/nowlifestylecanarias.com\\\/for-businesses\\\/\",\"url\":\"https:\\\/\\\/nowlifestylecanarias.com\\\/for-businesses\\\/\",\"name\":\"For Businesses - NowLifestyleCanarias\",\"isPartOf\":{\"@id\":\"https:\\\/\\\/nowlifestylecanarias.com\\\/#website\"},\"datePublished\":\"2025-12-02T17:46:06+00:00\",\"dateModified\":\"2025-12-02T18:04:24+00:00\",\"breadcrumb\":{\"@id\":\"https:\\\/\\\/nowlifestylecanarias.com\\\/for-businesses\\\/#breadcrumb\"},\"inLanguage\":\"es\",\"potentialAction\":[{\"@type\":\"ReadAction\",\"target\":[\"https:\\\/\\\/nowlifestylecanarias.com\\\/for-businesses\\\/\"]}]},{\"@type\":\"BreadcrumbList\",\"@id\":\"https:\\\/\\\/nowlifestylecanarias.com\\\/for-businesses\\\/#breadcrumb\",\"itemListElement\":[{\"@type\":\"ListItem\",\"position\":1,\"name\":\"Home\",\"item\":\"https:\\\/\\\/nowlifestylecanarias.com\\\/\"},{\"@type\":\"ListItem\",\"position\":2,\"name\":\"For Businesses\"}]},{\"@type\":\"WebSite\",\"@id\":\"https:\\\/\\\/nowlifestylecanarias.com\\\/#website\",\"url\":\"https:\\\/\\\/nowlifestylecanarias.com\\\/\",\"name\":\"NowLifestyleCanarias\",\"description\":\"Your travel &amp; local life guide to the Canary Islands\",\"potentialAction\":[{\"@type\":\"SearchAction\",\"target\":{\"@type\":\"EntryPoint\",\"urlTemplate\":\"https:\\\/\\\/nowlifestylecanarias.com\\\/?s={search_term_string}\"},\"query-input\":{\"@type\":\"PropertyValueSpecification\",\"valueRequired\":true,\"valueName\":\"search_term_string\"}}],\"inLanguage\":\"es\"}]}<\/script>\n<!-- \/ Yoast SEO plugin. -->","yoast_head_json":{"title":"For Businesses - NowLifestyleCanarias","robots":{"index":"index","follow":"follow","max-snippet":"max-snippet:-1","max-image-preview":"max-image-preview:large","max-video-preview":"max-video-preview:-1"},"canonical":"https:\/\/nowlifestylecanarias.com\/es\/for-businesses\/","og_locale":"es_ES","og_type":"article","og_title":"For Businesses - NowLifestyleCanarias","og_description":"The Canary Islands welcome millions of visitors every year, and local businesses are the heart of their experience. With NowLifestyleCanarias [&hellip;]","og_url":"https:\/\/nowlifestylecanarias.com\/es\/for-businesses\/","og_site_name":"NowLifestyleCanarias","article_modified_time":"2025-12-02T18:04:24+00:00","twitter_card":"summary_large_image","twitter_misc":{"Tiempo de lectura":"1 minuto"},"schema":{"@context":"https:\/\/schema.org","@graph":[{"@type":"WebPage","@id":"https:\/\/nowlifestylecanarias.com\/for-businesses\/","url":"https:\/\/nowlifestylecanarias.com\/for-businesses\/","name":"For Businesses - NowLifestyleCanarias","isPartOf":{"@id":"https:\/\/nowlifestylecanarias.com\/#website"},"datePublished":"2025-12-02T17:46:06+00:00","dateModified":"2025-12-02T18:04:24+00:00","breadcrumb":{"@id":"https:\/\/nowlifestylecanarias.com\/for-businesses\/#breadcrumb"},"inLanguage":"es","potentialAction":[{"@type":"ReadAction","target":["https:\/\/nowlifestylecanarias.com\/for-businesses\/"]}]},{"@type":"BreadcrumbList","@id":"https:\/\/nowlifestylecanarias.com\/for-businesses\/#breadcrumb","itemListElement":[{"@type":"ListItem","position":1,"name":"Home","item":"https:\/\/nowlifestylecanarias.com\/"},{"@type":"ListItem","position":2,"name":"For Businesses"}]},{"@type":"WebSite","@id":"https:\/\/nowlifestylecanarias.com\/#website","url":"https:\/\/nowlifestylecanarias.com\/","name":"NowLifestyleCanarias","description":"Tu gu\u00eda de viaje y vida local en las Islas Canarias","potentialAction":[{"@type":"SearchAction","target":{"@type":"EntryPoint","urlTemplate":"https:\/\/nowlifestylecanarias.com\/?s={search_term_string}"},"query-input":{"@type":"PropertyValueSpecification","valueRequired":true,"valueName":"search_term_string"}}],"inLanguage":"es"}]}},"_hostinger_reach_plugin_has_subscription_block":false,"_hostinger_reach_plugin_is_elementor":false,"_links":{"self":[{"href":"https:\/\/nowlifestylecanarias.com\/es\/wp-json\/wp\/v2\/pages\/24","targetHints":{"allow":["GET"]}}],"collection":[{"href":"https:\/\/nowlifestylecanarias.com\/es\/wp-json\/wp\/v2\/pages"}],"about":[{"href":"https:\/\/nowlifestylecanarias.com\/es\/wp-json\/wp\/v2\/types\/page"}],"author":[{"embeddable":true,"href":"https:\/\/nowlifestylecanarias.com\/es\/wp-json\/wp\/v2\/users\/1"}],"replies":[{"embeddable":true,"href":"https:\/\/nowlifestylecanarias.com\/es\/wp-json\/wp\/v2\/comments?post=24"}],"version-history":[{"count":2,"href":"https:\/\/nowlifestylecanarias.com\/es\/wp-json\/wp\/v2\/pages\/24\/revisions"}],"predecessor-version":[{"id":48,"href":"https:\/\/nowlifestylecanarias.com\/es\/wp-json\/wp\/v2\/pages\/24\/revisions\/48"}],"wp:attachment":[{"href":"https:\/\/nowlifestylecanarias.com\/es\/wp-json\/wp\/v2\/media?parent=24"}],"curies":[{"name":"wp","href":"https:\/\/api.w.org\/{rel}","templated":true}]}}