{"id":30,"date":"2025-12-02T17:48:14","date_gmt":"2025-12-02T17:48:14","guid":{"rendered":"https:\/\/nowlifestylecanarias.com\/?page_id=30"},"modified":"2025-12-02T23:11:51","modified_gmt":"2025-12-02T23:11:51","slug":"gran-canaria","status":"publish","type":"page","link":"https:\/\/nowlifestylecanarias.com\/es\/gran-canaria\/","title":{"rendered":"Gran Canaria"},"content":{"rendered":"<p>Gran Canaria combina playas, pueblos tradicionales, monta\u00f1as y una gran ciudad junto al mar. Esta p\u00e1gina reunir\u00e1 nuestras gu\u00edas e informaci\u00f3n pr\u00e1ctica para descubrir la isla m\u00e1s all\u00e1 de las zonas tur\u00edsticas habituales.<br><\/p>\n\n\n\n<p><\/p>","protected":false},"excerpt":{"rendered":"<p>Gran Canaria combines beaches, traditional villages, mountains and a large city by the sea. This page will bring together our [&hellip;]<\/p>","protected":false},"author":1,"featured_media":0,"parent":0,"menu_order":0,"comment_status":"closed","ping_status":"closed","template":"","meta":{"site-sidebar-layout":"default","site-content-layout":"","ast-site-content-layout":"default","site-content-style":"default","site-sidebar-style":"default","ast-global-header-display":"","ast-banner-title-visibility":"","ast-main-header-display":"","ast-hfb-above-header-display":"","ast-hfb-below-header-display":"","ast-hfb-mobile-header-display":"","site-post-title":"","ast-breadcrumbs-content":"","ast-featured-img":"","footer-sml-layout":"","ast-disable-related-posts":"","theme-transparent-header-meta":"","adv-header-id-meta":"","stick-header-meta":"","header-above-stick-meta":"","header-main-stick-meta":"","header-below-stick-meta":"","astra-migrate-meta-layouts":"default","ast-page-background-enabled":"default","ast-page-background-meta":{"desktop":{"background-color":"var(--ast-global-color-5)","background-image":"","background-repeat":"repeat","background-position":"center center","background-size":"auto","background-attachment":"scroll","background-type":"","background-media":"","overlay-type":"","overlay-color":"","overlay-opacity":"","overlay-gradient":""},"tablet":{"background-color":"","background-image":"","background-repeat":"repeat","background-position":"center center","background-size":"auto","background-attachment":"scroll","background-type":"","background-media":"","overlay-type":"","overlay-color":"","overlay-opacity":"","overlay-gradient":""},"mobile":{"background-color":"","background-image":"","background-repeat":"repeat","background-position":"center center","background-size":"auto","background-attachment":"scroll","background-type":"","background-media":"","overlay-type":"","overlay-color":"","overlay-opacity":"","overlay-gradient":""}},"ast-content-background-meta":{"desktop":{"background-color":"var(--ast-global-color-4)","background-image":"","background-repeat":"repeat","background-position":"center center","background-size":"auto","background-attachment":"scroll","background-type":"","background-media":"","overlay-type":"","overlay-color":"","overlay-opacity":"","overlay-gradient":""},"tablet":{"background-color":"var(--ast-global-color-4)","background-image":"","background-repeat":"repeat","background-position":"center center","background-size":"auto","background-attachment":"scroll","background-type":"","background-media":"","overlay-type":"","overlay-color":"","overlay-opacity":"","overlay-gradient":""},"mobile":{"background-color":"var(--ast-global-color-4)","background-image":"","background-repeat":"repeat","background-position":"center center","background-size":"auto","background-attachment":"scroll","background-type":"","background-media":"","overlay-type":"","overlay-color":"","overlay-opacity":"","overlay-gradient":""}},"footnotes":""},"class_list":["post-30","page","type-page","status-publish","hentry"],"yoast_head":"<!-- This site is optimized with the Yoast SEO plugin v27.4 - https:\/\/yoast.com\/product\/yoast-seo-wordpress\/ -->\n<title>Gran Canaria - NowLifestyleCanarias<\/title>\n<meta name=\"robots\" content=\"index, follow, max-snippet:-1, max-image-preview:large, max-video-preview:-1\" \/>\n<link rel=\"canonical\" href=\"https:\/\/nowlifestylecanarias.com\/es\/gran-canaria\/\" \/>\n<meta property=\"og:locale\" content=\"es_ES\" \/>\n<meta property=\"og:type\" content=\"article\" \/>\n<meta property=\"og:title\" content=\"Gran Canaria - NowLifestyleCanarias\" \/>\n<meta property=\"og:description\" content=\"Gran Canaria combines beaches, traditional villages, mountains and a large city by the sea. This page will bring together our [&hellip;]\" \/>\n<meta property=\"og:url\" content=\"https:\/\/nowlifestylecanarias.com\/es\/gran-canaria\/\" \/>\n<meta property=\"og:site_name\" content=\"NowLifestyleCanarias\" \/>\n<meta property=\"article:modified_time\" content=\"2025-12-02T23:11:51+00:00\" \/>\n<meta name=\"twitter:card\" content=\"summary_large_image\" \/>\n<meta name=\"twitter:label1\" content=\"Tiempo de lectura\" \/>\n\t<meta name=\"twitter:data1\" content=\"1 minuto\" \/>\n<script type=\"application\/ld+json\" class=\"yoast-schema-graph\">{\"@context\":\"https:\\\/\\\/schema.org\",\"@graph\":[{\"@type\":\"WebPage\",\"@id\":\"https:\\\/\\\/nowlifestylecanarias.com\\\/gran-canaria\\\/\",\"url\":\"https:\\\/\\\/nowlifestylecanarias.com\\\/gran-canaria\\\/\",\"name\":\"Gran Canaria - NowLifestyleCanarias\",\"isPartOf\":{\"@id\":\"https:\\\/\\\/nowlifestylecanarias.com\\\/#website\"},\"datePublished\":\"2025-12-02T17:48:14+00:00\",\"dateModified\":\"2025-12-02T23:11:51+00:00\",\"breadcrumb\":{\"@id\":\"https:\\\/\\\/nowlifestylecanarias.com\\\/gran-canaria\\\/#breadcrumb\"},\"inLanguage\":\"es\",\"potentialAction\":[{\"@type\":\"ReadAction\",\"target\":[\"https:\\\/\\\/nowlifestylecanarias.com\\\/gran-canaria\\\/\"]}]},{\"@type\":\"BreadcrumbList\",\"@id\":\"https:\\\/\\\/nowlifestylecanarias.com\\\/gran-canaria\\\/#breadcrumb\",\"itemListElement\":[{\"@type\":\"ListItem\",\"position\":1,\"name\":\"Home\",\"item\":\"https:\\\/\\\/nowlifestylecanarias.com\\\/\"},{\"@type\":\"ListItem\",\"position\":2,\"name\":\"Gran Canaria\"}]},{\"@type\":\"WebSite\",\"@id\":\"https:\\\/\\\/nowlifestylecanarias.com\\\/#website\",\"url\":\"https:\\\/\\\/nowlifestylecanarias.com\\\/\",\"name\":\"NowLifestyleCanarias\",\"description\":\"Your travel &amp; local life guide to the Canary Islands\",\"potentialAction\":[{\"@type\":\"SearchAction\",\"target\":{\"@type\":\"EntryPoint\",\"urlTemplate\":\"https:\\\/\\\/nowlifestylecanarias.com\\\/?s={search_term_string}\"},\"query-input\":{\"@type\":\"PropertyValueSpecification\",\"valueRequired\":true,\"valueName\":\"search_term_string\"}}],\"inLanguage\":\"es\"}]}<\/script>\n<!-- \/ Yoast SEO plugin. -->","yoast_head_json":{"title":"Gran Canaria - NowLifestyleCanarias","robots":{"index":"index","follow":"follow","max-snippet":"max-snippet:-1","max-image-preview":"max-image-preview:large","max-video-preview":"max-video-preview:-1"},"canonical":"https:\/\/nowlifestylecanarias.com\/es\/gran-canaria\/","og_locale":"es_ES","og_type":"article","og_title":"Gran Canaria - NowLifestyleCanarias","og_description":"Gran Canaria combines beaches, traditional villages, mountains and a large city by the sea. This page will bring together our [&hellip;]","og_url":"https:\/\/nowlifestylecanarias.com\/es\/gran-canaria\/","og_site_name":"NowLifestyleCanarias","article_modified_time":"2025-12-02T23:11:51+00:00","twitter_card":"summary_large_image","twitter_misc":{"Tiempo de lectura":"1 minuto"},"schema":{"@context":"https:\/\/schema.org","@graph":[{"@type":"WebPage","@id":"https:\/\/nowlifestylecanarias.com\/gran-canaria\/","url":"https:\/\/nowlifestylecanarias.com\/gran-canaria\/","name":"Gran Canaria - NowLifestyleCanarias","isPartOf":{"@id":"https:\/\/nowlifestylecanarias.com\/#website"},"datePublished":"2025-12-02T17:48:14+00:00","dateModified":"2025-12-02T23:11:51+00:00","breadcrumb":{"@id":"https:\/\/nowlifestylecanarias.com\/gran-canaria\/#breadcrumb"},"inLanguage":"es","potentialAction":[{"@type":"ReadAction","target":["https:\/\/nowlifestylecanarias.com\/gran-canaria\/"]}]},{"@type":"BreadcrumbList","@id":"https:\/\/nowlifestylecanarias.com\/gran-canaria\/#breadcrumb","itemListElement":[{"@type":"ListItem","position":1,"name":"Home","item":"https:\/\/nowlifestylecanarias.com\/"},{"@type":"ListItem","position":2,"name":"Gran Canaria"}]},{"@type":"WebSite","@id":"https:\/\/nowlifestylecanarias.com\/#website","url":"https:\/\/nowlifestylecanarias.com\/","name":"NowLifestyleCanarias","description":"Tu gu\u00eda de viaje y vida local en las Islas Canarias","potentialAction":[{"@type":"SearchAction","target":{"@type":"EntryPoint","urlTemplate":"https:\/\/nowlifestylecanarias.com\/?s={search_term_string}"},"query-input":{"@type":"PropertyValueSpecification","valueRequired":true,"valueName":"search_term_string"}}],"inLanguage":"es"}]}},"_hostinger_reach_plugin_has_subscription_block":false,"_hostinger_reach_plugin_is_elementor":false,"_links":{"self":[{"href":"https:\/\/nowlifestylecanarias.com\/es\/wp-json\/wp\/v2\/pages\/30","targetHints":{"allow":["GET"]}}],"collection":[{"href":"https:\/\/nowlifestylecanarias.com\/es\/wp-json\/wp\/v2\/pages"}],"about":[{"href":"https:\/\/nowlifestylecanarias.com\/es\/wp-json\/wp\/v2\/types\/page"}],"author":[{"embeddable":true,"href":"https:\/\/nowlifestylecanarias.com\/es\/wp-json\/wp\/v2\/users\/1"}],"replies":[{"embeddable":true,"href":"https:\/\/nowlifestylecanarias.com\/es\/wp-json\/wp\/v2\/comments?post=30"}],"version-history":[{"count":2,"href":"https:\/\/nowlifestylecanarias.com\/es\/wp-json\/wp\/v2\/pages\/30\/revisions"}],"predecessor-version":[{"id":79,"href":"https:\/\/nowlifestylecanarias.com\/es\/wp-json\/wp\/v2\/pages\/30\/revisions\/79"}],"wp:attachment":[{"href":"https:\/\/nowlifestylecanarias.com\/es\/wp-json\/wp\/v2\/media?parent=30"}],"curies":[{"name":"wp","href":"https:\/\/api.w.org\/{rel}","templated":true}]}}